{"id":12234,"date":"2021-03-26T21:08:09","date_gmt":"2021-03-26T21:08:09","guid":{"rendered":"http:\/\/mairipora.sp.gov.br\/cultura\/?page_id=12234"},"modified":"2022-06-19T22:10:25","modified_gmt":"2022-06-19T22:10:25","slug":"memorial-municipal","status":"publish","type":"page","link":"https:\/\/mairipora.sp.gov.br\/cultura\/memorial-municipal\/","title":{"rendered":"Memorial Municipal"},"content":{"rendered":"\t\t<div data-elementor-type=\"wp-page\" data-elementor-id=\"12234\" class=\"elementor elementor-12234\">\n\t\t\t\t\t\t<section class=\"elementor-section elementor-top-section elementor-element elementor-element-e095931 elementor-section-boxed elementor-section-height-default elementor-section-height-default\" data-id=\"e095931\" data-element_type=\"section\">\n\t\t\t\t\t\t<div class=\"elementor-container elementor-column-gap-default\">\n\t\t\t\t\t<div class=\"elementor-column elementor-col-100 elementor-top-column elementor-element elementor-element-d66751e\" data-id=\"d66751e\" data-element_type=\"column\">\n\t\t\t<div class=\"elementor-widget-wrap\">\n\t\t\t\t\t\t\t<\/div>\n\t\t<\/div>\n\t\t\t\t\t<\/div>\n\t\t<\/section>\n\t\t\t\t<section class=\"elementor-section elementor-top-section elementor-element elementor-element-4576c985 elementor-section-stretched elementor-section-boxed elementor-section-height-default elementor-section-height-default\" data-id=\"4576c985\" data-element_type=\"section\" data-settings=\"{&quot;stretch_section&quot;:&quot;section-stretched&quot;,&quot;background_background&quot;:&quot;classic&quot;,&quot;shape_divider_bottom&quot;:&quot;triangle&quot;,&quot;shape_divider_bottom_negative&quot;:&quot;yes&quot;}\">\n\t\t\t\t\t\t\t<div class=\"elementor-background-overlay\"><\/div>\n\t\t\t\t\t\t<div class=\"elementor-shape elementor-shape-bottom\" aria-hidden=\"true\" data-negative=\"true\">\n\t\t\t<svg xmlns=\"http:\/\/www.w3.org\/2000\/svg\" viewBox=\"0 0 1000 100\" preserveAspectRatio=\"none\">\n\t<path class=\"elementor-shape-fill\" d=\"M500.2,94.7L0,0v100h1000V0L500.2,94.7z\"\/>\n<\/svg>\t\t<\/div>\n\t\t\t\t\t<div class=\"elementor-container elementor-column-gap-default\">\n\t\t\t\t\t<div class=\"elementor-column elementor-col-100 elementor-top-column elementor-element elementor-element-3547635f\" data-id=\"3547635f\" data-element_type=\"column\">\n\t\t\t<div class=\"elementor-widget-wrap\">\n\t\t\t\t\t\t\t<\/div>\n\t\t<\/div>\n\t\t\t\t\t<\/div>\n\t\t<\/section>\n\t\t\t\t<section class=\"elementor-section elementor-top-section elementor-element elementor-element-815f060 elementor-section-stretched elementor-section-full_width elementor-section-height-default elementor-section-height-default\" data-id=\"815f060\" data-element_type=\"section\" data-settings=\"{&quot;stretch_section&quot;:&quot;section-stretched&quot;,&quot;shape_divider_top&quot;:&quot;split&quot;}\">\n\t\t\t\t\t<div class=\"elementor-shape elementor-shape-top\" aria-hidden=\"true\" data-negative=\"false\">\n\t\t\t<svg xmlns=\"http:\/\/www.w3.org\/2000\/svg\" viewBox=\"0 0 1000 20\" preserveAspectRatio=\"none\">\n\t<path class=\"elementor-shape-fill\" d=\"M0,0v3c0,0,393.8,0,483.4,0c9.2,0,16.6,7.4,16.6,16.6c0-9.1,7.4-16.6,16.6-16.6C606.2,3,1000,3,1000,3V0H0z\"\/>\n<\/svg>\t\t<\/div>\n\t\t\t\t\t<div class=\"elementor-container elementor-column-gap-no\">\n\t\t\t\t\t<div class=\"elementor-column elementor-col-100 elementor-top-column elementor-element elementor-element-7542eff3\" data-id=\"7542eff3\" data-element_type=\"column\">\n\t\t\t<div class=\"elementor-widget-wrap elementor-element-populated\">\n\t\t\t\t\t\t<div class=\"elementor-element elementor-element-7fd21526 elementor-widget elementor-widget-heading\" data-id=\"7fd21526\" data-element_type=\"widget\" data-widget_type=\"heading.default\">\n\t\t\t\t<div class=\"elementor-widget-container\">\n\t\t\t\t\t<h2 class=\"elementor-heading-title elementor-size-default\">Memorial Municipal de Mairipor\u00e3<\/h2>\t\t\t\t<\/div>\n\t\t\t\t<\/div>\n\t\t\t\t\t<\/div>\n\t\t<\/div>\n\t\t\t\t\t<\/div>\n\t\t<\/section>\n\t\t\t\t<section class=\"elementor-section elementor-top-section elementor-element elementor-element-2b60f985 elementor-section-content-top elementor-section-stretched elementor-section-boxed elementor-section-height-default elementor-section-height-default\" data-id=\"2b60f985\" data-element_type=\"section\" data-settings=\"{&quot;stretch_section&quot;:&quot;section-stretched&quot;}\">\n\t\t\t\t\t\t<div class=\"elementor-container elementor-column-gap-default\">\n\t\t\t\t\t<div class=\"elementor-column elementor-col-50 elementor-top-column elementor-element elementor-element-ea3c17e\" data-id=\"ea3c17e\" data-element_type=\"column\">\n\t\t\t<div class=\"elementor-widget-wrap elementor-element-populated\">\n\t\t\t\t\t\t<div class=\"elementor-element elementor-element-6c903661 elementor-invisible elementor-widget elementor-widget-image\" data-id=\"6c903661\" data-element_type=\"widget\" data-settings=\"{&quot;_animation&quot;:&quot;fadeInLeft&quot;}\" data-widget_type=\"image.default\">\n\t\t\t\t<div class=\"elementor-widget-container\">\n\t\t\t\t\t\t\t\t\t\t\t\t\t\t\t<img fetchpriority=\"high\" decoding=\"async\" width=\"900\" height=\"506\" src=\"https:\/\/mairipora.sp.gov.br\/cultura\/wp-content\/uploads\/2021\/03\/Memorial_Municipal_de_Mairipora_inaugurado_em_12_de_Junho_de_2.018.jpg\" class=\"attachment-large size-large wp-image-11992\" alt=\"\" srcset=\"https:\/\/mairipora.sp.gov.br\/cultura\/wp-content\/uploads\/2021\/03\/Memorial_Municipal_de_Mairipora_inaugurado_em_12_de_Junho_de_2.018.jpg 960w, https:\/\/mairipora.sp.gov.br\/cultura\/wp-content\/uploads\/2021\/03\/Memorial_Municipal_de_Mairipora_inaugurado_em_12_de_Junho_de_2.018-300x169.jpg 300w, https:\/\/mairipora.sp.gov.br\/cultura\/wp-content\/uploads\/2021\/03\/Memorial_Municipal_de_Mairipora_inaugurado_em_12_de_Junho_de_2.018-768x432.jpg 768w\" sizes=\"(max-width: 900px) 100vw, 900px\" \/>\t\t\t\t\t\t\t\t\t\t\t\t\t\t\t<\/div>\n\t\t\t\t<\/div>\n\t\t\t\t\t<\/div>\n\t\t<\/div>\n\t\t\t\t<div class=\"elementor-column elementor-col-50 elementor-top-column elementor-element elementor-element-671eb0ed\" data-id=\"671eb0ed\" data-element_type=\"column\">\n\t\t\t<div class=\"elementor-widget-wrap elementor-element-populated\">\n\t\t\t\t\t\t<div class=\"elementor-element elementor-element-4e5b2e17 elementor-invisible elementor-widget elementor-widget-text-editor\" data-id=\"4e5b2e17\" data-element_type=\"widget\" data-settings=\"{&quot;_animation&quot;:&quot;fadeInRight&quot;}\" data-widget_type=\"text-editor.default\">\n\t\t\t\t<div class=\"elementor-widget-container\">\n\t\t\t\t\t\t\t\t\t<p style=\"text-align: justify; line-height: 18.0pt;\"><span style=\"font-family: Roboto;\">Inaugurado em 11 de junho de 2017, o Memorial Municipal tem em seu acervo objetos, fotos e documentos do passado hist\u00f3rico da cidade de Juquery-Mairipor\u00e3. S\u00e3o detalhes de nossa hist\u00f3ria, lendas e costumes.<\/span><\/p><p style=\"text-align: justify; line-height: 18.0pt;\"><span style=\"font-family: Roboto;\">Os itens em exposi\u00e7\u00e3o retratam um pouco dos 411 anos de hist\u00f3ria da cidade, desde a \u00e9poca de Juquery Col\u00f4nia \u2013 que inclu\u00eda o Alto de Santana, Serra do Ajuh\u00e1, hoje chamada Serra da Cantareira \u2013 e as cidades de Caieiras, Franco da Rocha e Francisco Morato, outrora distritos de Juquery. <\/span><\/p><p style=\"text-align: justify; line-height: 18.0pt;\"><span style=\"font-family: Roboto;\">O trabalho iniciado pelo pesquisador e memorialista Bethos Massucato, conta com o apoio de muitas pessoas da cidade, que colaboram com a doa\u00e7\u00e3o de pe\u00e7as e itens hist\u00f3ricos, al\u00e9m de relatos que enriquecem o acervo imaterial do Memorial.<\/span><\/p>\t\t\t\t\t\t\t\t<\/div>\n\t\t\t\t<\/div>\n\t\t\t\t\t<\/div>\n\t\t<\/div>\n\t\t\t\t\t<\/div>\n\t\t<\/section>\n\t\t\t\t<section class=\"elementor-section elementor-top-section elementor-element elementor-element-f0eff5c elementor-section-content-top elementor-section-stretched elementor-section-boxed elementor-section-height-default elementor-section-height-default\" data-id=\"f0eff5c\" data-element_type=\"section\" data-settings=\"{&quot;stretch_section&quot;:&quot;section-stretched&quot;}\">\n\t\t\t\t\t\t<div class=\"elementor-container elementor-column-gap-default\">\n\t\t\t\t\t<div class=\"elementor-column elementor-col-100 elementor-top-column elementor-element elementor-element-e04ee56\" data-id=\"e04ee56\" data-element_type=\"column\">\n\t\t\t<div class=\"elementor-widget-wrap elementor-element-populated\">\n\t\t\t\t\t\t<div class=\"elementor-element elementor-element-8bf88af elementor-invisible elementor-widget elementor-widget-text-editor\" data-id=\"8bf88af\" data-element_type=\"widget\" data-settings=\"{&quot;_animation&quot;:&quot;fadeInRight&quot;}\" data-widget_type=\"text-editor.default\">\n\t\t\t\t<div class=\"elementor-widget-container\">\n\t\t\t\t\t\t\t\t\t<p>Um pouco do que voc\u00ea vai encontrar aqui em forma de acervo e hist\u00f3ria:<\/p><ul><li>As Olarias e a import\u00e2ncia econ\u00f4mica que tiveram no in\u00edcio do S\u00e9culo XX;<\/li><li>Festas da Uva, das Rosas e do Gengibre;<\/li><li>Col\u00f4nia Japonesa de Mairipor\u00e3, uma das maiores do estado de SP;<\/li><li>Multifilmes e seu idealizador, o cineasta Mario Civelli;<\/li><li>O Vale da M\u00fasica e a Werill Instrumentos Musicais;<\/li><li>As fam\u00edlias da cidade<\/li><li>e muitos outros fatos que impulsionaram o desenvolvimento de nossa Mairipor\u00e3<\/li><\/ul>\t\t\t\t\t\t\t\t<\/div>\n\t\t\t\t<\/div>\n\t\t\t\t<div class=\"elementor-element elementor-element-80e13ce elementor-widget elementor-widget-text-editor\" data-id=\"80e13ce\" data-element_type=\"widget\" data-widget_type=\"text-editor.default\">\n\t\t\t\t<div class=\"elementor-widget-container\">\n\t\t\t\t\t\t\t\t\t<p><strong>Atualmente, o Memorial est\u00e1 localizado nas depend\u00eancias da Biblioteca Municipal de Mairipor\u00e3. Venha nos visitar!<\/strong><\/p>\t\t\t\t\t\t\t\t<\/div>\n\t\t\t\t<\/div>\n\t\t\t\t\t<\/div>\n\t\t<\/div>\n\t\t\t\t\t<\/div>\n\t\t<\/section>\n\t\t\t\t<section class=\"elementor-section elementor-top-section elementor-element elementor-element-bc017be elementor-section-boxed elementor-section-height-default elementor-section-height-default\" data-id=\"bc017be\" data-element_type=\"section\" data-settings=\"{&quot;background_background&quot;:&quot;classic&quot;}\">\n\t\t\t\t\t\t<div class=\"elementor-container elementor-column-gap-default\">\n\t\t\t\t\t<div class=\"elementor-column elementor-col-33 elementor-top-column elementor-element elementor-element-a9cf899\" data-id=\"a9cf899\" data-element_type=\"column\">\n\t\t\t<div class=\"elementor-widget-wrap elementor-element-populated\">\n\t\t\t\t\t\t<div class=\"elementor-element elementor-element-fc7f79d elementor-widget elementor-widget-image\" data-id=\"fc7f79d\" data-element_type=\"widget\" data-widget_type=\"image.default\">\n\t\t\t\t<div class=\"elementor-widget-container\">\n\t\t\t\t\t\t\t\t\t\t\t\t\t\t\t<img decoding=\"async\" width=\"900\" height=\"148\" src=\"https:\/\/mairipora.sp.gov.br\/cultura\/wp-content\/uploads\/2021\/09\/logo-unidade-de-cultura-1-1024x168.png\" class=\"attachment-large size-large wp-image-12912\" alt=\"\" srcset=\"https:\/\/mairipora.sp.gov.br\/cultura\/wp-content\/uploads\/2021\/09\/logo-unidade-de-cultura-1-1024x168.png 1024w, https:\/\/mairipora.sp.gov.br\/cultura\/wp-content\/uploads\/2021\/09\/logo-unidade-de-cultura-1-300x49.png 300w, https:\/\/mairipora.sp.gov.br\/cultura\/wp-content\/uploads\/2021\/09\/logo-unidade-de-cultura-1-768x126.png 768w, https:\/\/mairipora.sp.gov.br\/cultura\/wp-content\/uploads\/2021\/09\/logo-unidade-de-cultura-1.png 1070w\" sizes=\"(max-width: 900px) 100vw, 900px\" \/>\t\t\t\t\t\t\t\t\t\t\t\t\t\t\t<\/div>\n\t\t\t\t<\/div>\n\t\t\t\t\t<\/div>\n\t\t<\/div>\n\t\t\t\t<div class=\"elementor-column elementor-col-33 elementor-top-column elementor-element elementor-element-e4fd2d6\" data-id=\"e4fd2d6\" data-element_type=\"column\">\n\t\t\t<div class=\"elementor-widget-wrap elementor-element-populated\">\n\t\t\t\t\t\t<div class=\"elementor-element elementor-element-c620f9b elementor-icon-list--layout-inline elementor-list-item-link-full_width elementor-widget elementor-widget-icon-list\" data-id=\"c620f9b\" data-element_type=\"widget\" data-widget_type=\"icon-list.default\">\n\t\t\t\t<div class=\"elementor-widget-container\">\n\t\t\t\t\t\t\t<ul class=\"elementor-icon-list-items elementor-inline-items\">\n\t\t\t\t\t\t\t<li class=\"elementor-icon-list-item elementor-inline-item\">\n\t\t\t\t\t\t\t\t\t\t\t<a href=\"https:\/\/www.facebook.com\/gestaoculturamairipora\" target=\"_blank\">\n\n\t\t\t\t\t\t\t\t\t\t\t\t<span class=\"elementor-icon-list-icon\">\n\t\t\t\t\t\t\t<i aria-hidden=\"true\" class=\"fab fa-facebook\"><\/i>\t\t\t\t\t\t<\/span>\n\t\t\t\t\t\t\t\t\t\t<span class=\"elementor-icon-list-text\"><\/span>\n\t\t\t\t\t\t\t\t\t\t\t<\/a>\n\t\t\t\t\t\t\t\t\t<\/li>\n\t\t\t\t\t\t\t\t<li class=\"elementor-icon-list-item elementor-inline-item\">\n\t\t\t\t\t\t\t\t\t\t\t<a href=\"https:\/\/www.instagram.com\/gestaoculturamairipora\/\" target=\"_blank\">\n\n\t\t\t\t\t\t\t\t\t\t\t\t<span class=\"elementor-icon-list-icon\">\n\t\t\t\t\t\t\t<i aria-hidden=\"true\" class=\"fab fa-instagram\"><\/i>\t\t\t\t\t\t<\/span>\n\t\t\t\t\t\t\t\t\t\t<span class=\"elementor-icon-list-text\"><\/span>\n\t\t\t\t\t\t\t\t\t\t\t<\/a>\n\t\t\t\t\t\t\t\t\t<\/li>\n\t\t\t\t\t\t<\/ul>\n\t\t\t\t\t\t<\/div>\n\t\t\t\t<\/div>\n\t\t\t\t\t<\/div>\n\t\t<\/div>\n\t\t\t\t<div class=\"elementor-column elementor-col-33 elementor-top-column elementor-element elementor-element-32e22c2\" data-id=\"32e22c2\" data-element_type=\"column\">\n\t\t\t<div class=\"elementor-widget-wrap elementor-element-populated\">\n\t\t\t\t\t\t<div class=\"elementor-element elementor-element-be215e9 elementor-widget elementor-widget-text-editor\" data-id=\"be215e9\" data-element_type=\"widget\" data-widget_type=\"text-editor.default\">\n\t\t\t\t<div class=\"elementor-widget-container\">\n\t\t\t\t\t\t\t\t\t<p>Rua Raimundo Jos\u00e9 Cervenka n\u00ba 36<\/p><p>Cidade Jardim | Clube de Campo | Mairipor\u00e3\/SP<\/p>\t\t\t\t\t\t\t\t<\/div>\n\t\t\t\t<\/div>\n\t\t\t\t\t<\/div>\n\t\t<\/div>\n\t\t\t\t\t<\/div>\n\t\t<\/section>\n\t\t\t\t<section class=\"elementor-section elementor-top-section elementor-element elementor-element-39f92e15 elementor-section-stretched elementor-section-full_width elementor-section-height-default elementor-section-height-default\" data-id=\"39f92e15\" data-element_type=\"section\" data-settings=\"{&quot;stretch_section&quot;:&quot;section-stretched&quot;,&quot;background_background&quot;:&quot;gradient&quot;}\">\n\t\t\t\t\t\t<div class=\"elementor-container elementor-column-gap-default\">\n\t\t\t\t\t<div class=\"elementor-column elementor-col-100 elementor-top-column elementor-element elementor-element-7a336139\" data-id=\"7a336139\" data-element_type=\"column\">\n\t\t\t<div class=\"elementor-widget-wrap elementor-element-populated\">\n\t\t\t\t\t\t<div class=\"elementor-element elementor-element-1a7f0ee4 elementor-widget elementor-widget-text-editor\" data-id=\"1a7f0ee4\" data-element_type=\"widget\" data-widget_type=\"text-editor.default\">\n\t\t\t\t<div class=\"elementor-widget-container\">\n\t\t\t\t\t\t\t\t\t<p><strong>\u00a9 COPYRIGHT 2021 &#8211; Cultura Mairipor\u00e3 &#8211; Todos os direitos reservados<\/strong><\/p>\t\t\t\t\t\t\t\t<\/div>\n\t\t\t\t<\/div>\n\t\t\t\t\t<\/div>\n\t\t<\/div>\n\t\t\t\t\t<\/div>\n\t\t<\/section>\n\t\t\t\t<\/div>\n\t\t","protected":false},"excerpt":{"rendered":"<p>Memorial Municipal de Mairipor\u00e3 Atualmente, o Memorial est\u00e1 localizado nas depend\u00eancias da Biblioteca Municipal de Mairipor\u00e3. Venha nos visitar!<\/p>\n","protected":false},"author":1,"featured_media":0,"parent":0,"menu_order":0,"comment_status":"closed","ping_status":"closed","template":"template-gutentor-full-width.php","meta":{"footnotes":""},"class_list":["post-12234","page","type-page","status-publish","hentry"],"_links":{"self":[{"href":"https:\/\/mairipora.sp.gov.br\/cultura\/wp-json\/wp\/v2\/pages\/12234","targetHints":{"allow":["GET"]}}],"collection":[{"href":"https:\/\/mairipora.sp.gov.br\/cultura\/wp-json\/wp\/v2\/pages"}],"about":[{"href":"https:\/\/mairipora.sp.gov.br\/cultura\/wp-json\/wp\/v2\/types\/page"}],"author":[{"embeddable":true,"href":"https:\/\/mairipora.sp.gov.br\/cultura\/wp-json\/wp\/v2\/users\/1"}],"replies":[{"embeddable":true,"href":"https:\/\/mairipora.sp.gov.br\/cultura\/wp-json\/wp\/v2\/comments?post=12234"}],"version-history":[{"count":63,"href":"https:\/\/mairipora.sp.gov.br\/cultura\/wp-json\/wp\/v2\/pages\/12234\/revisions"}],"predecessor-version":[{"id":15232,"href":"https:\/\/mairipora.sp.gov.br\/cultura\/wp-json\/wp\/v2\/pages\/12234\/revisions\/15232"}],"wp:attachment":[{"href":"https:\/\/mairipora.sp.gov.br\/cultura\/wp-json\/wp\/v2\/media?parent=12234"}],"curies":[{"name":"wp","href":"https:\/\/api.w.org\/{rel}","templated":true}]}}