{"id":14817,"date":"2023-06-20T19:13:38","date_gmt":"2023-06-20T19:13:38","guid":{"rendered":"http:\/\/www.mairipora.sp.gov.br\/cultura\/?page_id=14817"},"modified":"2023-06-20T19:13:38","modified_gmt":"2023-06-20T19:13:38","slug":"artesanato-mairipora","status":"publish","type":"page","link":"https:\/\/mairipora.sp.gov.br\/cultura\/artesanato-mairipora\/","title":{"rendered":"ARTESANATO MAIRIPOR\u00c3"},"content":{"rendered":"<p>Ol\u00e1 agente cultural!<\/p>\n<p>Esta \u00e9 a p\u00e1gina para informa\u00e7\u00f5es e credenciamento de artes\u00e3os e artes\u00e3s de Mairipor\u00e3, e para artistas de outras cidades interessados em integrar as feiras permanentes do munic\u00edpio.<\/p>\n<p>#<strong> <a href=\"https:\/\/www.mairipora.sp.gov.br\/cultura\/wp-content\/uploads\/2023\/06\/REGULAMENTO-ARTESANATO_-publicado-em-20-06-2023.pdf\">ACESSE AQUI O REGULAMENTO PARA PARTICIPA\u00c7\u00c3O EM FEIRAS PERMANENTES E EVENTOS<\/a><\/strong><\/p>\n<p>&nbsp;<\/p>\n<h4>Realize sua inscri\u00e7\u00e3o clicando no<strong> link do formul\u00e1rio abaixo.<\/strong><\/h4>\n<p>Acesse aqui o link para o\u00a0<a href=\"https:\/\/forms.gle\/jqd2axM22tabfKuo9\"><strong>FORMUL\u00c1RIO DE INSCRI\u00c7\u00c3O<\/strong><\/a><\/p>\n","protected":false},"excerpt":{"rendered":"<p>Ol\u00e1 agente cultural! Esta \u00e9 a p\u00e1gina para informa\u00e7\u00f5es e credenciamento de artes\u00e3os e artes\u00e3s de Mairipor\u00e3, e para artistas de outras cidades interessados em&hellip; <a class=\"continue\" href=\"https:\/\/mairipora.sp.gov.br\/cultura\/artesanato-mairipora\/\">Continue Reading<span> ARTESANATO MAIRIPOR\u00c3<\/span><\/a><\/p>\n","protected":false},"author":1,"featured_media":13068,"parent":0,"menu_order":0,"comment_status":"closed","ping_status":"closed","template":"","meta":{"footnotes":""},"class_list":["post-14817","page","type-page","status-publish","has-post-thumbnail","hentry"],"_links":{"self":[{"href":"https:\/\/mairipora.sp.gov.br\/cultura\/wp-json\/wp\/v2\/pages\/14817","targetHints":{"allow":["GET"]}}],"collection":[{"href":"https:\/\/mairipora.sp.gov.br\/cultura\/wp-json\/wp\/v2\/pages"}],"about":[{"href":"https:\/\/mairipora.sp.gov.br\/cultura\/wp-json\/wp\/v2\/types\/page"}],"author":[{"embeddable":true,"href":"https:\/\/mairipora.sp.gov.br\/cultura\/wp-json\/wp\/v2\/users\/1"}],"replies":[{"embeddable":true,"href":"https:\/\/mairipora.sp.gov.br\/cultura\/wp-json\/wp\/v2\/comments?post=14817"}],"version-history":[{"count":2,"href":"https:\/\/mairipora.sp.gov.br\/cultura\/wp-json\/wp\/v2\/pages\/14817\/revisions"}],"predecessor-version":[{"id":16009,"href":"https:\/\/mairipora.sp.gov.br\/cultura\/wp-json\/wp\/v2\/pages\/14817\/revisions\/16009"}],"wp:featuredmedia":[{"embeddable":true,"href":"https:\/\/mairipora.sp.gov.br\/cultura\/wp-json\/wp\/v2\/media\/13068"}],"wp:attachment":[{"href":"https:\/\/mairipora.sp.gov.br\/cultura\/wp-json\/wp\/v2\/media?parent=14817"}],"curies":[{"name":"wp","href":"https:\/\/api.w.org\/{rel}","templated":true}]}}