{"id":15428,"date":"2022-07-14T17:29:25","date_gmt":"2022-07-14T17:29:25","guid":{"rendered":"http:\/\/www.mairipora.sp.gov.br\/cultura\/?page_id=15428"},"modified":"2022-07-14T17:29:25","modified_gmt":"2022-07-14T17:29:25","slug":"estrutura-secretaria-de-cultura","status":"publish","type":"page","link":"https:\/\/mairipora.sp.gov.br\/cultura\/estrutura-secretaria-de-cultura\/","title":{"rendered":"ESTRUTURA SECRETARIA DE CULTURA"},"content":{"rendered":"<p>Em 2022 o prefeito Aladim reorganizou a estrutura administrativa da Prefeitura de Mairipor\u00e3, criando a SECRETARIA MUNICIPAL DE CULTURA, incluindo departamentos e divis\u00f5es com atribui\u00e7\u00f5es espec\u00edficas, adequadas ao modelo de gest\u00e3o implementado.<\/p>\n<p><strong>RICARDO MASSONETTO | Secret\u00e1rio Municipal de Cultura<\/strong><\/p>\n<p>Organograma estrutural da Secretaria Municipal\u00a0 de Cultura<\/p>\n<p><img decoding=\"async\" src=\"http:\/\/www.mairipora.sp.gov.br\/cultura\/wp-content\/uploads\/2022\/07\/estrutura-secretaria-de-cultura-de-Mairipora_-Ricardo-Massonetto-secretario-municipal-de-cultura-1.png\" \/><\/p>\n<p>&nbsp;<\/p>\n<h5><strong>Secretaria Municipal de Cultura, a qual se subordinam:<\/strong><\/h5>\n<p>a) Gabinete da Secretaria;<br \/>\nb) Coordenadoria de Pol\u00edticas Culturais;<br \/>\nc) Departamento de Cultura e Cidadania, ao qual se subordinam:<br \/>\n1) Divis\u00e3o de Projetos, Programas e Atividades;<br \/>\n2) Divis\u00e3o de Forma\u00e7\u00e3o Cultural;<br \/>\n3) Divis\u00e3o de Patrim\u00f4nio Cultural, ao qual se subordina:<br \/>\n3.1) Memorial Municipal;<br \/>\nd) Biblioteca Mairipor\u00e3;<br \/>\ne) Biblioteca Terra Preta;<br \/>\nf) Fanfarra Municipal;<br \/>\ng) Orquestra e Coral Comunit\u00e1rios.<\/p>\n<h5>\n<strong>Compete \u00e0 Secretaria Municipal de Cultura e aos seus departamentos e divis\u00f5es:<\/strong><\/h5>\n<p>I &#8211; fazer a gest\u00e3o da Cultura no munic\u00edpio;<br \/>\nII \u2013 exercer a coordena\u00e7\u00e3o geral do SMC \u2013 Sistema Municipal de Cultura;<br \/>\nIII \u2013 coordenar e gerenciar os instrumentos de gest\u00e3o do SMC \u2013 Plano Municipal de Cultura<br \/>\n(PMC), Sistema Municipal de Financiamento e Fundo Municipal de Cultura (SMFC), e Programa<br \/>\nMunicipal de Forma\u00e7\u00e3o na \u00c1rea da Cultura (PROMFAC);<br \/>\nIV &#8211; subsidiar as pol\u00edticas e a\u00e7\u00f5es transversais da cultura nos planos e a\u00e7\u00f5es estrat\u00e9gicos do<br \/>\ngoverno municipal;<br \/>\nV \u2013 acompanhar a atua\u00e7\u00e3o dos conselhos ligados \u00e0 pasta;<br \/>\nVI \u2013 desenvolver e reunir \u00edndices e indicadores quantitativos e qualitativos para a<br \/>\ndemocratiza\u00e7\u00e3o dos bens e servi\u00e7os culturais, promovidos ou apoiados;<br \/>\nVII \u2013 garantir a manuten\u00e7\u00e3o e atualiza\u00e7\u00e3o da Plataforma da Cultura;<br \/>\nVIII \u2013 estimular, salvaguardar e coordenar os corpos art\u00edsticos est\u00e1veis do munic\u00edpio: Banda Tia<br \/>\nEm\u00edlia, Orquestra e Coral Comunit\u00e1rios;<br \/>\nIX &#8211; formular e promover uma pol\u00edtica de defesa do patrim\u00f4nio hist\u00f3rico, art\u00edstico, paisag\u00edstico,<br \/>\ncultural e simb\u00f3lico do munic\u00edpio;<br \/>\nX \u2013 coordenar as bibliotecas municipais, o memorial municipal, espa\u00e7os de cultura e outros;<br \/>\nXI \u2013 garantir o acesso \u00e0 cultura como direito fundamental.<\/p>\n<h5>\n\u00a7 1\u00ba Compete ao Gabinete da Secretaria:<\/h5>\n<p>I &#8211; prestar assessoria ao secret\u00e1rio, dando-lhe suporte administrativo e pol\u00edtico, incluindo:<br \/>\na) elabora\u00e7\u00e3o e atualiza\u00e7\u00e3o da respectiva agenda;<br \/>\nb) coordena\u00e7\u00e3o de viagens; e<br \/>\nc) organiza\u00e7\u00e3o e acompanhamento da execu\u00e7\u00e3o dos despachos.<br \/>\nII &#8211; coordenar a atua\u00e7\u00e3o das unidades da secretaria;<br \/>\nIII &#8211; acompanhar e cooperar com a execu\u00e7\u00e3o or\u00e7ament\u00e1ria da secretaria.<\/p>\n<h5>\n\u00a7 2\u00ba Compete \u00e0 Coordenadoria de Pol\u00edticas Culturais:<\/h5>\n<p>I &#8211; prestar assessoria ao secret\u00e1rio, cooperando com a coordena\u00e7\u00e3o das pol\u00edticas p\u00fablicas de<br \/>\nCultura, incluindo:<br \/>\na) instrumentos de gest\u00e3o do SMC \u2013 Plano Municipal de Cultura (PMC), Sistema<br \/>\nMunicipal de Financiamento e Fundo Municipal de Cultura (SMFC), e Programa<br \/>\nMunicipal de Forma\u00e7\u00e3o na \u00c1rea da Cultura (PROMFAC);<br \/>\nb) planejar a\u00e7\u00f5es, acompanhar e monitorar a Pol\u00edtica Municipal de Cultura Viva;<br \/>\nc) planejar a\u00e7\u00f5es, acompanhar e monitorar a Pol\u00edtica Municipal de Promo\u00e7\u00e3o da<br \/>\nIgualdade Racial;<br \/>\nd) planejar a\u00e7\u00f5es, acompanhar e monitorar o Sistema Municipal de Cultura;<br \/>\nII \u2013 acompanhar e cooperar com a coordena\u00e7\u00e3o das unidades e divis\u00f5es subordinadas;<\/p>\n<h5>\n\u00a7 3\u00ba Compete ao Departamento de Cultura e Cidadania:<\/h5>\n<p>I &#8211; acompanhar a atua\u00e7\u00e3o dos conselhos ligados \u00e0 pasta;<br \/>\nII &#8211; estimular e apoiar atividades culturais desenvolvidas por entidades civis organizadas, grupos<br \/>\ne coletivos culturais;<br \/>\nIII- articular a celebra\u00e7\u00e3o de conv\u00eanios na \u00e1rea da cultura;<br \/>\nIV\u2013 acompanhar as a\u00e7\u00f5es e atividades das Unidades subordinadas;<br \/>\nV \u2013 acompanhar e coordenar a\u00e7\u00f5es descentralizadas.<\/p>\n<h5>\n\u00a7 4\u00ba Compete \u00e0 Unidade Biblioteca Mairipor\u00e3:<\/h5>\n<p>I &#8211; organizar, conservar, restaurar e manter atualizado o acervo da biblioteca municipal;<br \/>\nII &#8211; atender a popula\u00e7\u00e3o, prestando servi\u00e7os adequados de empr\u00e9stimo do acervo da<br \/>\nbiblioteca;<br \/>\nIII &#8211; manter instala\u00e7\u00f5es e mobili\u00e1rios adequados \u00e0 leitura;<br \/>\nIV &#8211; desenvolver atividades de est\u00edmulo e difus\u00e3o da leitura e da arte liter\u00e1ria.<\/p>\n<h5>\n\u00a7 5\u00ba Compete \u00e0 Unidade Biblioteca Terra Preta:<\/h5>\n<p>I &#8211; organizar, conservar, restaurar e manter atualizado o acervo da biblioteca municipal;<br \/>\nII &#8211; atender a popula\u00e7\u00e3o, prestando servi\u00e7os adequados de empr\u00e9stimo do acervo da<br \/>\nbiblioteca;<br \/>\nIII &#8211; manter instala\u00e7\u00f5es e mobili\u00e1rios adequados \u00e0 leitura;<br \/>\nIV &#8211; desenvolver atividades de est\u00edmulo e difus\u00e3o da leitura e da arte liter\u00e1ria.<\/p>\n<h5>\n\u00a7 6\u00ba Compete \u00e0 Unidade Fanfarra Municipal:<\/h5>\n<p>I &#8211; cooperar com a divulga\u00e7\u00e3o e a democratiza\u00e7\u00e3o da cultura musical nesta cidade;<br \/>\nII &#8211; musicalizar os jovens do munic\u00edpio, com vistas \u00e0 sua socializa\u00e7\u00e3o e profissionaliza\u00e7\u00e3o;<br \/>\nIII &#8211; manter um acervo musical diversificado;<br \/>\nIV &#8211; manter invent\u00e1rio atualizado de seus instrumentos e preservar pelo bom uso e conserva\u00e7\u00e3o<br \/>\nde seu patrim\u00f4nio;<br \/>\nV &#8211; manter invent\u00e1rio atualizado de seus uniformes, gerenciando o empr\u00e9stimo aos seus alunos;<br \/>\nVI &#8211; gerenciar e manter atualizado o cadastro de todos os alunos participantes da fanfarra<br \/>\nmunicipal;<br \/>\nVII &#8211; participar das festividades c\u00edvicas, religiosas, populares ou recreativas do munic\u00edpio,<br \/>\npromovendo o entretenimento da comunidade atrav\u00e9s de apresenta\u00e7\u00f5es em diversos lugares;<br \/>\nVIII &#8211; atender convites para apresenta\u00e7\u00f5es em outras localidades do munic\u00edpio e em outras<br \/>\ncidades e at\u00e9 outros estados;<br \/>\nIX &#8211; efetuar ensaios com os m\u00fasicos, propiciando o aperfei\u00e7oamento musical.<\/p>\n<h5>\n\u00a7 7\u00ba Compete \u00e0 Unidade Orquestra e Coral Comunit\u00e1rios:<\/h5>\n<p>I &#8211; difundir a cultura musical atrav\u00e9s da m\u00fasica e do canto;<br \/>\nII &#8211; manter um acervo musical diversificado;<br \/>\nIII &#8211; manter invent\u00e1rio atualizado de seus instrumentos e preservar pelo bom uso e conserva\u00e7\u00e3o<br \/>\nde seu patrim\u00f4nio;<br \/>\nIV &#8211; gerenciar e manter atualizado o cadastro de todos os alunos participantes do projeto;<br \/>\nV &#8211; participar das festividades c\u00edvicas, religiosas, populares ou recreativas do munic\u00edpio,<br \/>\npromovendo o entretenimento da comunidade atrav\u00e9s de apresenta\u00e7\u00f5es em diversos lugares;<br \/>\nVI &#8211; atender convites para apresenta\u00e7\u00f5es em outras localidades do munic\u00edpio e em outras<br \/>\ncidades e at\u00e9 outros estados; e<br \/>\nVII &#8211; efetuar ensaios com os m\u00fasicos, propiciando o aperfei\u00e7oamento musical.<\/p>\n<h5>\n\u00a7 8\u00ba Compete \u00e0 Divis\u00e3o de Projetos, Programas e Atividades:<\/h5>\n<p>I \u2013 coordenar, elaborar, acompanhar e monitorar editais, chamamentos e oportunidades para o<br \/>\nest\u00edmulo, produ\u00e7\u00e3o, difus\u00e3o e frui\u00e7\u00e3o cultural no munic\u00edpio;<br \/>\nII \u2013 coordenar, estimular e promover exposi\u00e7\u00f5es, mostras, espet\u00e1culos, festivais, debates, feiras,<br \/>\nproje\u00e7\u00f5es cinematogr\u00e1ficas, festejos e eventos populares, e todas as demais atividades ligadas<br \/>\nao desenvolvimento art\u00edstico e cultural do munic\u00edpio, incluindo calend\u00e1rio municipal de eventos;<br \/>\nIII \u2013 estimular a Economia Criativa no munic\u00edpio, promovendo a\u00e7\u00f5es que possam aproximar a<br \/>\nprodu\u00e7\u00e3o cultural do 2\u00ba setor da economia municipal.<\/p>\n<h5>\u00a7 9\u00ba Compete \u00e0 Divis\u00e3o de Forma\u00e7\u00e3o Cultural:<\/h5>\n<p>I &#8211; coordenar as Oficinas Culturais do Programa Mais Cultura, acompanhar o desenvolvimento,<br \/>\nmonitorar e gerar \u00edndices dos resultados;<br \/>\nII &#8211; acompanhar e monitorar a implanta\u00e7\u00e3o e desenvolvimento do Polo Guri Mairipor\u00e3;<br \/>\nIII \u2013 planejar, promover e monitorar atividades de aprimoramento art\u00edstico-cultural.<\/p>\n<h5>\u00a7 10\u00ba Compete \u00e0 Divis\u00e3o de Patrim\u00f4nio Cultural:<\/h5>\n<p>I \u2013 propor, implementar, planejar a\u00e7\u00f5es, acompanhar e monitorar o Sistema Municipal de<br \/>\nPatrim\u00f4nio Cultural De Mairipor\u00e3;<br \/>\nII \u2013 coordenar o Memorial Municipal;<br \/>\nIII &#8211; acompanhar e executar programas, projetos e a\u00e7\u00f5es nas \u00e1reas de identifica\u00e7\u00e3o, prote\u00e7\u00e3o,<br \/>\nconserva\u00e7\u00e3o, salvaguarda e gest\u00e3o de bens culturais.<\/p>\n<h5>\u00a7 11\u00ba Compete \u00e0 Unidade Memorial Municipal:<\/h5>\n<p>I &#8211; organizar o funcionamento do memorial de modo a proporcionar um bom atendimento ao<br \/>\np\u00fablico;<br \/>\nII &#8211; elaborar projetos que visem a amplia\u00e7\u00e3o e melhoramento do memorial, estimulando o<br \/>\ninteresse da comunidade em conhec\u00ea-lo e visit\u00e1-lo;<br \/>\nIII &#8211; realizar campanhas que visem aumentar o acervo ou a conserva\u00e7\u00e3o de objetos, obras de<br \/>\nartes e pe\u00e7as raras;<br \/>\nIV &#8211; registrar e catalogar as pe\u00e7as que integram o memorial.<\/p>\n","protected":false},"excerpt":{"rendered":"<p>Em 2022 o prefeito Aladim reorganizou a estrutura administrativa da Prefeitura de Mairipor\u00e3, criando a SECRETARIA MUNICIPAL DE CULTURA, incluindo departamentos e divis\u00f5es com atribui\u00e7\u00f5es&hellip; <a class=\"continue\" href=\"https:\/\/mairipora.sp.gov.br\/cultura\/estrutura-secretaria-de-cultura\/\">Continue Reading<span> ESTRUTURA SECRETARIA DE CULTURA<\/span><\/a><\/p>\n","protected":false},"author":1,"featured_media":0,"parent":0,"menu_order":0,"comment_status":"closed","ping_status":"closed","template":"","meta":{"footnotes":""},"class_list":["post-15428","page","type-page","status-publish","hentry"],"_links":{"self":[{"href":"https:\/\/mairipora.sp.gov.br\/cultura\/wp-json\/wp\/v2\/pages\/15428","targetHints":{"allow":["GET"]}}],"collection":[{"href":"https:\/\/mairipora.sp.gov.br\/cultura\/wp-json\/wp\/v2\/pages"}],"about":[{"href":"https:\/\/mairipora.sp.gov.br\/cultura\/wp-json\/wp\/v2\/types\/page"}],"author":[{"embeddable":true,"href":"https:\/\/mairipora.sp.gov.br\/cultura\/wp-json\/wp\/v2\/users\/1"}],"replies":[{"embeddable":true,"href":"https:\/\/mairipora.sp.gov.br\/cultura\/wp-json\/wp\/v2\/comments?post=15428"}],"version-history":[{"count":7,"href":"https:\/\/mairipora.sp.gov.br\/cultura\/wp-json\/wp\/v2\/pages\/15428\/revisions"}],"predecessor-version":[{"id":15438,"href":"https:\/\/mairipora.sp.gov.br\/cultura\/wp-json\/wp\/v2\/pages\/15428\/revisions\/15438"}],"wp:attachment":[{"href":"https:\/\/mairipora.sp.gov.br\/cultura\/wp-json\/wp\/v2\/media?parent=15428"}],"curies":[{"name":"wp","href":"https:\/\/api.w.org\/{rel}","templated":true}]}}