{"id":19328,"date":"2025-03-19T14:32:56","date_gmt":"2025-03-19T14:32:56","guid":{"rendered":"https:\/\/www.mairipora.sp.gov.br\/cultura\/?page_id=19328"},"modified":"2025-03-19T14:52:01","modified_gmt":"2025-03-19T14:52:01","slug":"oficinasculturais2025","status":"publish","type":"page","link":"https:\/\/mairipora.sp.gov.br\/cultura\/oficinasculturais2025\/","title":{"rendered":"OFICINAS CULTURAIS 2025"},"content":{"rendered":"\t\t<div data-elementor-type=\"wp-page\" data-elementor-id=\"19328\" class=\"elementor elementor-19328\">\n\t\t\t\t\t\t<section class=\"elementor-section elementor-top-section elementor-element elementor-element-083dadb elementor-section-boxed elementor-section-height-default elementor-section-height-default\" data-id=\"083dadb\" data-element_type=\"section\">\n\t\t\t\t\t\t<div class=\"elementor-container elementor-column-gap-default\">\n\t\t\t\t\t<div class=\"elementor-column elementor-col-100 elementor-top-column elementor-element elementor-element-cca6917\" data-id=\"cca6917\" data-element_type=\"column\">\n\t\t\t<div class=\"elementor-widget-wrap elementor-element-populated\">\n\t\t\t\t\t\t<div class=\"elementor-element elementor-element-5974153 elementor-view-default elementor-widget elementor-widget-icon\" data-id=\"5974153\" data-element_type=\"widget\" data-widget_type=\"icon.default\">\n\t\t\t\t<div class=\"elementor-widget-container\">\n\t\t\t\t\t\t\t<div class=\"elementor-icon-wrapper\">\n\t\t\t<a class=\"elementor-icon\" href=\"https:\/\/www.mairipora.sp.gov.br\/cultura\/wp-content\/uploads\/2025\/03\/CATALOGO-PDF_-OFICINAS-CULTURAIS-2025_-MAIS-CULTURA-MAIRIPORA_-CARDAPIO-DE-ATIVIDADES.pdf\">\n\t\t\t<i aria-hidden=\"true\" class=\"far fa-file-pdf\"><\/i>\t\t\t<\/a>\n\t\t<\/div>\n\t\t\t\t\t\t<\/div>\n\t\t\t\t<\/div>\n\t\t\t\t<div class=\"elementor-element elementor-element-95ac5a0 elementor-widget elementor-widget-heading\" data-id=\"95ac5a0\" data-element_type=\"widget\" data-widget_type=\"heading.default\">\n\t\t\t\t<div class=\"elementor-widget-container\">\n\t\t\t\t\t<h2 class=\"elementor-heading-title elementor-size-default\"><a href=\"https:\/\/www.mairipora.sp.gov.br\/cultura\/wp-content\/uploads\/2025\/03\/CATALOGO-PDF_-OFICINAS-CULTURAIS-2025_-MAIS-CULTURA-MAIRIPORA_-CARDAPIO-DE-ATIVIDADES.pdf\">Oficinas Mais Cultura 2025 - card\u00e1pio de atividades<\/a><\/h2>\t\t\t\t<\/div>\n\t\t\t\t<\/div>\n\t\t\t\t<div class=\"elementor-element elementor-element-0622219 elementor-widget elementor-widget-text-editor\" data-id=\"0622219\" data-element_type=\"widget\" data-widget_type=\"text-editor.default\">\n\t\t\t\t<div class=\"elementor-widget-container\">\n\t\t\t\t\t\t\t\t\t<p><a href=\"https:\/\/www.mairipora.sp.gov.br\/cultura\/wp-content\/uploads\/2025\/03\/CATALOGO-PDF_-OFICINAS-CULTURAIS-2025_-MAIS-CULTURA-MAIRIPORA_-CARDAPIO-DE-ATIVIDADES.pdf\">clique AQUI para ver e baixar!<\/a><\/p>\t\t\t\t\t\t\t\t<\/div>\n\t\t\t\t<\/div>\n\t\t\t\t\t<\/div>\n\t\t<\/div>\n\t\t\t\t\t<\/div>\n\t\t<\/section>\n\t\t\t\t<section class=\"elementor-section elementor-top-section elementor-element elementor-element-65c22ba elementor-section-boxed elementor-section-height-default elementor-section-height-default\" data-id=\"65c22ba\" data-element_type=\"section\">\n\t\t\t\t\t\t<div class=\"elementor-container elementor-column-gap-default\">\n\t\t\t\t\t<div class=\"elementor-column elementor-col-100 elementor-top-column elementor-element elementor-element-352c683\" data-id=\"352c683\" data-element_type=\"column\">\n\t\t\t<div class=\"elementor-widget-wrap elementor-element-populated\">\n\t\t\t\t\t\t<div class=\"elementor-element elementor-element-2699c6e elementor-widget elementor-widget-heading\" data-id=\"2699c6e\" data-element_type=\"widget\" data-widget_type=\"heading.default\">\n\t\t\t\t<div class=\"elementor-widget-container\">\n\t\t\t\t\t<h2 class=\"elementor-heading-title elementor-size-default\">Sobre o programa de oficinas culturais Mais Cultura Mairipor\u00e3 - ciclo 2025<\/h2>\t\t\t\t<\/div>\n\t\t\t\t<\/div>\n\t\t\t\t<div class=\"elementor-element elementor-element-b2fb6b4 elementor-widget elementor-widget-text-editor\" data-id=\"b2fb6b4\" data-element_type=\"widget\" data-widget_type=\"text-editor.default\">\n\t\t\t\t<div class=\"elementor-widget-container\">\n\t\t\t\t\t\t\t\t\t<p>O programa Mais Cultura inicia em mar\u00e7o de 2025 as atividades do 5\u00ba ano deste programa de forma\u00e7\u00e3o criado para gerar oportunidade, viv\u00eancia e o despertar para as artes e a cultura. Todas as modalidades de cursos s\u00e3o gratuitos!<\/p><p>Veja aqui todas as informa\u00e7\u00f5es sobre as modalidades dispon\u00edveis, os hor\u00e1rios e locais de realiza\u00e7\u00e3o. Para mais detalhes \u00e9 poss\u00edvel fazer contato com a Secretaria Municipal de Cultura pelo telefone 11 4419-5446 ou e-mail cultura@mairipora.sp.gov.br<\/p><p>Veja acima o card\u00e1pio de atividades e compare\u00e7a em nossas unidades para realizar inscri\u00e7\u00e3o.<\/p><p>\/\/\/ LOCAIS PARA INSCRI\u00c7\u00c3O:<\/p><ul><li><strong>CASA DA CULTURA<\/strong>: Rua Ant\u00f4nio Francisco Brilha, 60 \u2013 Parque Linear, Centro;<\/li><li><strong>UNIDADE CULTURA DE TERRA PRETA &#8211; CENTRAL GANHA TEMPO:<\/strong> Avenida Pietro Petri, 35 (Em frente \u00e0 loja Bonart de Terra Preta);<\/li><\/ul><p>Importante! <strong>PARA REALIZAR A INSCRI\u00c7\u00c3O \u00c9 OBRIGAT\u00d3RIO APRESENTAR O CART\u00c3O CIDAD\u00c3O.<\/strong><\/p>\t\t\t\t\t\t\t\t<\/div>\n\t\t\t\t<\/div>\n\t\t\t\t\t<\/div>\n\t\t<\/div>\n\t\t\t\t\t<\/div>\n\t\t<\/section>\n\t\t\t\t<section class=\"elementor-section elementor-top-section elementor-element elementor-element-b1ba418 elementor-section-boxed elementor-section-height-default elementor-section-height-default\" data-id=\"b1ba418\" data-element_type=\"section\">\n\t\t\t\t\t\t<div class=\"elementor-container elementor-column-gap-default\">\n\t\t\t\t\t<div class=\"elementor-column elementor-col-100 elementor-top-column elementor-element elementor-element-ff7e54c\" data-id=\"ff7e54c\" data-element_type=\"column\">\n\t\t\t<div class=\"elementor-widget-wrap elementor-element-populated\">\n\t\t\t\t\t\t<div class=\"elementor-element elementor-element-f4cb3a7 elementor-widget elementor-widget-image\" data-id=\"f4cb3a7\" data-element_type=\"widget\" data-widget_type=\"image.default\">\n\t\t\t\t<div class=\"elementor-widget-container\">\n\t\t\t\t\t\t\t\t\t\t\t\t\t\t\t<img fetchpriority=\"high\" decoding=\"async\" width=\"819\" height=\"1024\" src=\"http:\/\/apps.mairipora.sp.gov.br\/cultura\/wp-content\/uploads\/2025\/03\/cultura-mairipora_-oficinas-culturais-2025-1.jpeg\" class=\"attachment-large size-large wp-image-19335\" alt=\"\" \/>\t\t\t\t\t\t\t\t\t\t\t\t\t\t\t<\/div>\n\t\t\t\t<\/div>\n\t\t\t\t\t<\/div>\n\t\t<\/div>\n\t\t\t\t\t<\/div>\n\t\t<\/section>\n\t\t\t\t<section class=\"elementor-section elementor-top-section elementor-element elementor-element-a5e5ed1 elementor-section-boxed elementor-section-height-default elementor-section-height-default\" data-id=\"a5e5ed1\" data-element_type=\"section\">\n\t\t\t\t\t\t<div class=\"elementor-container elementor-column-gap-default\">\n\t\t\t\t\t<div class=\"elementor-column elementor-col-100 elementor-top-column elementor-element elementor-element-ecfb86f\" data-id=\"ecfb86f\" data-element_type=\"column\">\n\t\t\t<div class=\"elementor-widget-wrap elementor-element-populated\">\n\t\t\t\t\t\t<div class=\"elementor-element elementor-element-f242046 elementor-widget elementor-widget-image\" data-id=\"f242046\" data-element_type=\"widget\" data-widget_type=\"image.default\">\n\t\t\t\t<div class=\"elementor-widget-container\">\n\t\t\t\t\t\t\t\t\t\t\t\t\t\t\t<img decoding=\"async\" width=\"819\" height=\"1024\" src=\"http:\/\/apps.mairipora.sp.gov.br\/cultura\/wp-content\/uploads\/2025\/03\/cultura-mairipora_-oficinas-culturais-2025-2.jpeg\" class=\"attachment-large size-large wp-image-19336\" alt=\"\" \/>\t\t\t\t\t\t\t\t\t\t\t\t\t\t\t<\/div>\n\t\t\t\t<\/div>\n\t\t\t\t\t<\/div>\n\t\t<\/div>\n\t\t\t\t\t<\/div>\n\t\t<\/section>\n\t\t\t\t<section class=\"elementor-section elementor-top-section elementor-element elementor-element-f8a52b0 elementor-section-boxed elementor-section-height-default elementor-section-height-default\" data-id=\"f8a52b0\" data-element_type=\"section\">\n\t\t\t\t\t\t<div class=\"elementor-container elementor-column-gap-default\">\n\t\t\t\t\t<div class=\"elementor-column elementor-col-100 elementor-top-column elementor-element elementor-element-6464b87\" data-id=\"6464b87\" data-element_type=\"column\">\n\t\t\t<div class=\"elementor-widget-wrap elementor-element-populated\">\n\t\t\t\t\t\t<div class=\"elementor-element elementor-element-92c76c1 elementor-widget elementor-widget-image\" data-id=\"92c76c1\" data-element_type=\"widget\" data-widget_type=\"image.default\">\n\t\t\t\t<div class=\"elementor-widget-container\">\n\t\t\t\t\t\t\t\t\t\t\t\t\t\t\t<img decoding=\"async\" width=\"819\" height=\"1024\" src=\"http:\/\/apps.mairipora.sp.gov.br\/cultura\/wp-content\/uploads\/2025\/03\/cultura-mairipora_-oficinas-culturais-2025-4.jpeg\" class=\"attachment-large size-large wp-image-19337\" alt=\"\" \/>\t\t\t\t\t\t\t\t\t\t\t\t\t\t\t<\/div>\n\t\t\t\t<\/div>\n\t\t\t\t\t<\/div>\n\t\t<\/div>\n\t\t\t\t\t<\/div>\n\t\t<\/section>\n\t\t\t\t<section class=\"elementor-section elementor-top-section elementor-element elementor-element-8f422a7 elementor-section-boxed elementor-section-height-default elementor-section-height-default\" data-id=\"8f422a7\" data-element_type=\"section\">\n\t\t\t\t\t\t<div class=\"elementor-container elementor-column-gap-default\">\n\t\t\t\t\t<div class=\"elementor-column elementor-col-100 elementor-top-column elementor-element elementor-element-87e12db\" data-id=\"87e12db\" data-element_type=\"column\">\n\t\t\t<div class=\"elementor-widget-wrap elementor-element-populated\">\n\t\t\t\t\t\t<div class=\"elementor-element elementor-element-54e4daf elementor-widget elementor-widget-image\" data-id=\"54e4daf\" data-element_type=\"widget\" data-widget_type=\"image.default\">\n\t\t\t\t<div class=\"elementor-widget-container\">\n\t\t\t\t\t\t\t\t\t\t\t\t\t\t\t<img loading=\"lazy\" decoding=\"async\" width=\"819\" height=\"1024\" src=\"http:\/\/apps.mairipora.sp.gov.br\/cultura\/wp-content\/uploads\/2025\/03\/cultura-mairipora_-oficinas-culturais-2025-5.jpeg\" class=\"attachment-large size-large wp-image-19338\" alt=\"\" \/>\t\t\t\t\t\t\t\t\t\t\t\t\t\t\t<\/div>\n\t\t\t\t<\/div>\n\t\t\t\t\t<\/div>\n\t\t<\/div>\n\t\t\t\t\t<\/div>\n\t\t<\/section>\n\t\t\t\t<section class=\"elementor-section elementor-top-section elementor-element elementor-element-d7bf484 elementor-section-boxed elementor-section-height-default elementor-section-height-default\" data-id=\"d7bf484\" data-element_type=\"section\">\n\t\t\t\t\t\t<div class=\"elementor-container elementor-column-gap-default\">\n\t\t\t\t\t<div class=\"elementor-column elementor-col-100 elementor-top-column elementor-element elementor-element-3807eb3\" data-id=\"3807eb3\" data-element_type=\"column\">\n\t\t\t<div class=\"elementor-widget-wrap elementor-element-populated\">\n\t\t\t\t\t\t<div class=\"elementor-element elementor-element-0d5399c elementor-widget elementor-widget-image\" data-id=\"0d5399c\" data-element_type=\"widget\" data-widget_type=\"image.default\">\n\t\t\t\t<div class=\"elementor-widget-container\">\n\t\t\t\t\t\t\t\t\t\t\t\t\t\t\t<img loading=\"lazy\" decoding=\"async\" width=\"819\" height=\"1024\" src=\"http:\/\/apps.mairipora.sp.gov.br\/cultura\/wp-content\/uploads\/2025\/03\/cultura-mairipora_-oficinas-culturais-2025-3.jpeg\" class=\"attachment-large size-large wp-image-19339\" alt=\"\" \/>\t\t\t\t\t\t\t\t\t\t\t\t\t\t\t<\/div>\n\t\t\t\t<\/div>\n\t\t\t\t\t<\/div>\n\t\t<\/div>\n\t\t\t\t\t<\/div>\n\t\t<\/section>\n\t\t\t\t<\/div>\n\t\t","protected":false},"excerpt":{"rendered":"<p>Oficinas Mais Cultura 2025 &#8211; card\u00e1pio de atividades clique AQUI para ver e baixar! Sobre o programa de oficinas culturais Mais Cultura Mairipor\u00e3 &#8211; ciclo&hellip; <a class=\"continue\" href=\"https:\/\/mairipora.sp.gov.br\/cultura\/oficinasculturais2025\/\">Continue Reading<span> OFICINAS CULTURAIS 2025<\/span><\/a><\/p>\n","protected":false},"author":1,"featured_media":0,"parent":0,"menu_order":0,"comment_status":"closed","ping_status":"closed","template":"","meta":{"footnotes":""},"class_list":["post-19328","page","type-page","status-publish","hentry"],"_links":{"self":[{"href":"https:\/\/mairipora.sp.gov.br\/cultura\/wp-json\/wp\/v2\/pages\/19328","targetHints":{"allow":["GET"]}}],"collection":[{"href":"https:\/\/mairipora.sp.gov.br\/cultura\/wp-json\/wp\/v2\/pages"}],"about":[{"href":"https:\/\/mairipora.sp.gov.br\/cultura\/wp-json\/wp\/v2\/types\/page"}],"author":[{"embeddable":true,"href":"https:\/\/mairipora.sp.gov.br\/cultura\/wp-json\/wp\/v2\/users\/1"}],"replies":[{"embeddable":true,"href":"https:\/\/mairipora.sp.gov.br\/cultura\/wp-json\/wp\/v2\/comments?post=19328"}],"version-history":[{"count":10,"href":"https:\/\/mairipora.sp.gov.br\/cultura\/wp-json\/wp\/v2\/pages\/19328\/revisions"}],"predecessor-version":[{"id":19349,"href":"https:\/\/mairipora.sp.gov.br\/cultura\/wp-json\/wp\/v2\/pages\/19328\/revisions\/19349"}],"wp:attachment":[{"href":"https:\/\/mairipora.sp.gov.br\/cultura\/wp-json\/wp\/v2\/media?parent=19328"}],"curies":[{"name":"wp","href":"https:\/\/api.w.org\/{rel}","templated":true}]}}